{"id":192,"date":"2016-12-16T22:58:17","date_gmt":"2016-12-16T20:58:17","guid":{"rendered":"http:\/\/www.shopping-club.com\/de\/?page_id=192"},"modified":"2018-05-16T22:28:15","modified_gmt":"2018-05-16T20:28:15","slug":"impressum","status":"publish","type":"page","link":"https:\/\/www.shopping-club.com\/de\/impressum","title":{"rendered":"Impressum und Haftungsausschluss"},"content":{"rendered":"<p><strong>Impressum<\/strong><\/p>\n<p><em>Angaben gem\u00e4\u00df \u00a7 5 TMG:<br \/>\nMich\u0430el Kog\u0430n<br \/>\nAschbachring 61, in DE66127 Saarbr\u00fccken<br \/>\nTel.: +49(O)689844O8819<br \/>\ninfo[\u00e4t]meine-outlets.de<br \/>\nUSt.-IdNr.: DE 280 590 686<\/em><\/p>\n<p>Gem\u00e4\u00df \u00a7 28 BDSG widerspreche ich jeder kommerziellen Verwendung und Weitergabe meiner Daten.<\/p>\n<p><strong>Haftungsausschluss<\/strong><\/p>\n<p>Der Inhaber dieser Seite \u00fcbernimmt keinerlei Gew\u00e4hr f\u00fcr die Vollst\u00e4ndigkeit, Aktualit\u00e4t und Richtigkeit aller Inhalte der Internetseiten. F\u00fcr die Internetseiten Dritter und deren Inhalte auf die diese Seite per Hyperlink verweist, \u00fcbernimmt der Inhaber keine Haftung. Haftungsanspr\u00fcche gegen den Inhaber dieser Seite, welche sich auf Sch\u00e4den materieller oder ideeller Art beziehen, die durch die Nutzung oder Nichtnutzung der dargebotenen Informationen bzw. durch die Nutzung fehlerhafter und unvollst\u00e4ndiger Informationen verursacht wurden, sind grunds\u00e4tzlich ausgeschlossen.<\/p>\n<p>Die Namen der Herausgeber, Medien, Dienste und ganz allgemein der genannten Gesellschaften oder Produkte sind die Marken ihrer jeweiligen Eigent\u00fcmer. Logos und Grafiken von anderen Anbietern stehen unter deren Copyright, www.shopping-club.com macht sich diese nicht zu eigen.<\/p>\n<p>Sollten unerlaubte Texte, Links, Gutscheine oder Bilder ver\u00f6ffentlicht sein bitte ich Sie Kontakt per Mail (siehe oben) aufzunehmen. Die betreffenden Inhalte werden unverz\u00fcglich gel\u00f6scht.<\/p>\n<p>Die Informationen auf dieser Website wurden mit gro\u00dfer Sorgfalt zusammengestellt. F\u00fcr die Richtigkeit und Vollst\u00e4ndigkeit kann gleichwohl keine Gew\u00e4hr \u00fcbernommen werden. Die Inhalte unserer Seiten wurden mit gr\u00f6\u00dfter Sorgfalt erstellt. F\u00fcr die Richtigkeit, Vollst\u00e4ndigkeit und Aktualit\u00e4t der Inhalte k\u00f6nnen wir jedoch keine Gew\u00e4hr \u00fcbernehmen. Aus diesem Grund ist jegliche Haftung f\u00fcr eventuelle Sch\u00e4den im Zusammenhang mit der Nutzung des Informationsangebots ausgeschlossen. Durch die blo\u00dfe Nutzung dieser Website kommt keinerlei Vertragsverh\u00e4ltnis zwischen Nutzer und Anbieter\/Herausgeber zustande. Als Diensteanbieter sind wir gem\u00e4\u00df \u00a7 7 Abs.1 TMG f\u00fcr eigene Inhalte auf diesen Seiten nach den allgemeinen Gesetzen verantwortlich. Nach \u00a7\u00a7 8 bis 10 TMG sind wir als Diensteanbieter jedoch nicht verpflichtet, \u00fcbermittelte oder gespeicherte fremde Informationen zu \u00fcberwachen oder nach Umst\u00e4nden zu forschen, die auf eine rechtswidrige T\u00e4tigkeit hinweisen. Verpflichtungen zur Entfernung oder Sperrung der Nutzung von Informationen nach den allgemeinen Gesetzen bleiben hiervon unber\u00fchrt. Eine diesbez\u00fcgliche Haftung ist jedoch erst ab dem Zeitpunkt der Kenntnis einer konkreten Rechtsverletzung m\u00f6glich. Bei Bekanntwerden von entsprechenden Rechtsverletzungen werden wir diese Inhalte umgehend entfernen.<\/p>\n<p>Sollte der Inhalt oder die Aufmachung dieser Seiten fremde Rechte Dritter oder gesetzliche Bestimmungen verletzen, so bitten wir Sie, um eine entsprechende Nachricht ohne Kosten. Die Beseitigung einer m\u00f6glicherweise von diesen Seiten ausgehenden Schutzrecht-Verletzung durch Schutzrecht-Inhaber\/Innen selbst darf nicht ohne unsere Zustimmung stattfinden. Wir garantieren, dass die zu Recht beanstandeten Inhalte unverz\u00fcglich entfernt werden, ohne dass von Ihrer Seite die Einschaltung eines Rechtsbeistandes erforderlich ist.<\/p>\n<p><strong>Hinweis zum Urheberrecht<\/strong><\/p>\n<p>Der gesamte Inhalt dieser Website unterliegt dem Urheberrecht. Unerlaubte Verwendung, Reproduktion oder Wiedergabe des Inhalts oder von Teilen des Inhalts ist untersagt. Wegen einer Erlaubnis zur Nutzung des Inhalts wenden Sie sich bitte an den Herausgeber.<\/p>\n<p>Quellenangaben f\u00fcr die verwendeten Bilder und Grafiken: de.fotolia.com, BestSecret.com, Vente-Privee.com, BuyVIP.com, brands4friends.de, westwing.de, monoqi.com, windelbar.de, kidisto.de, SecretEscapes.de, outletcity.com, vipfamily.de, myPrivateBoutique.de, limango.de, travista.de, ClubSale.com, PrivateOutlet.com, brandalley.de, zalando-lounge.de, wine-in-black.de, mySportbrands.de, pauldirekt.de<\/p>\n<p><strong>Hinweis zu externen Links<\/strong><\/p>\n<p>Soweit von dieser Website auf andere Websites Links gelegt sind, wird darauf hingewiesen, dass keinerlei Einfluss auf die Gestaltung und die Inhalte der gelinkten Seiten besteht und sich deren Inhalt nicht zu eigen gemacht wird. Dies gilt f\u00fcr alle auf dieser Seite ausgebrachten, externen Links und f\u00fcr alle Inhalte der Seiten, zu denen Werbemittel (z.B. Banner, Textanzeigen, Videoanzeigen) f\u00fchren. F\u00fcr verlinkte Seiten gilt, dass rechtswidrige Inhalte zum Zeitpunkt der Verlinkung nicht erkennbar waren. Die Links werden regelm\u00e4\u00dfig auf rechtswidrige Inhalte \u00fcberpr\u00fcft und bei Rechtsverletzungen unverz\u00fcglich entfernt.<\/p>\n<p>Dieses Impressum gilt auch f\u00fcr meine anderen Kan\u00e4le im Social Web, die ich mit meinem Realnamen und\/oder meinem Pseudonym betreibe, wie z.B. Facebook, Twitter, etc.<\/p>\n<p><a href=\"datenschutzerklaerung\" title=\"datenschutzerklaerung\">Datenschutzerkl\u00e4rung<\/a><br \/>\n<a href=\"http:\/\/www.disclaimer.de\/disclaimer.htm\" target=\"_blank\" rel=\"nofollow\">Haftungsausschluss<\/a> <\/p>\n","protected":false},"excerpt":{"rendered":"<p>Impressum Angaben gem\u00e4\u00df \u00a7 5 TMG: Mich\u0430el Kog\u0430n Aschbachring 61, in DE66127 Saarbr\u00fccken Tel.: +49(O)689844O8819 info[\u00e4t]meine-outlets.de USt.-IdNr.: DE 280 590 686 Gem\u00e4\u00df \u00a7 28 BDSG widerspreche ich jeder kommerziellen Verwendung (&hellip;) <a href=\"https:\/\/www.shopping-club.com\/de\/impressum\">Weiterlesen<\/a><\/p>\n","protected":false},"author":1,"featured_media":0,"parent":0,"menu_order":0,"comment_status":"closed","ping_status":"closed","template":"","meta":{"footnotes":""},"class_list":["post-192","page","type-page","status-publish","hentry"],"aioseo_notices":[],"_links":{"self":[{"href":"https:\/\/www.shopping-club.com\/de\/wp-json\/wp\/v2\/pages\/192","targetHints":{"allow":["GET"]}}],"collection":[{"href":"https:\/\/www.shopping-club.com\/de\/wp-json\/wp\/v2\/pages"}],"about":[{"href":"https:\/\/www.shopping-club.com\/de\/wp-json\/wp\/v2\/types\/page"}],"author":[{"embeddable":true,"href":"https:\/\/www.shopping-club.com\/de\/wp-json\/wp\/v2\/users\/1"}],"replies":[{"embeddable":true,"href":"https:\/\/www.shopping-club.com\/de\/wp-json\/wp\/v2\/comments?post=192"}],"version-history":[{"count":7,"href":"https:\/\/www.shopping-club.com\/de\/wp-json\/wp\/v2\/pages\/192\/revisions"}],"predecessor-version":[{"id":254,"href":"https:\/\/www.shopping-club.com\/de\/wp-json\/wp\/v2\/pages\/192\/revisions\/254"}],"wp:attachment":[{"href":"https:\/\/www.shopping-club.com\/de\/wp-json\/wp\/v2\/media?parent=192"}],"curies":[{"name":"wp","href":"https:\/\/api.w.org\/{rel}","templated":true}]}}